{"id":3485,"date":"2024-06-04T12:13:36","date_gmt":"2024-06-04T12:13:36","guid":{"rendered":"https:\/\/eurometali.hr\/blaetter\/"},"modified":"2025-03-01T12:39:54","modified_gmt":"2025-03-01T12:39:54","slug":"blaetter","status":"publish","type":"page","link":"https:\/\/eurometali.hr\/de\/blaetter\/","title":{"rendered":"Bl\u00e4tter"},"content":{"rendered":"\t\t<div data-elementor-type=\"wp-page\" data-elementor-id=\"3485\" class=\"elementor elementor-3485 elementor-235\" data-elementor-post-type=\"page\">\n\t\t\t\t<div class=\"elementor-element elementor-element-74c4f04c e-flex e-con-boxed e-con e-parent\" data-id=\"74c4f04c\" data-element_type=\"container\" data-settings=\"{&quot;background_background&quot;:&quot;classic&quot;}\">\n\t\t\t\t\t<div class=\"e-con-inner\">\n\t\t<div class=\"elementor-element elementor-element-2097422d e-con-full e-flex e-con e-child\" data-id=\"2097422d\" data-element_type=\"container\">\n\t\t\t\t<div class=\"elementor-element elementor-element-40925c78 elementor-widget elementor-widget-heading\" data-id=\"40925c78\" data-element_type=\"widget\" data-widget_type=\"heading.default\">\n\t\t\t\t<div class=\"elementor-widget-container\">\n\t\t\t\t\t<h1 class=\"elementor-heading-title elementor-size-default\">LimovI<\/h1>\t\t\t\t<\/div>\n\t\t\t\t<\/div>\n\t\t\t\t<div class=\"elementor-element elementor-element-6a41864d elementor-widget elementor-widget-text-editor\" data-id=\"6a41864d\" data-element_type=\"widget\" data-widget_type=\"text-editor.default\">\n\t\t\t\t<div class=\"elementor-widget-container\">\n\t\t\t\t\t\t\t\t\t<p><a href=\"https:\/\/eurometali.hr\/de\/produkte\/\">Produkte<\/a> \/ Platten<\/p>\t\t\t\t\t\t\t\t<\/div>\n\t\t\t\t<\/div>\n\t\t\t\t<\/div>\n\t\t\t\t\t<\/div>\n\t\t\t\t<\/div>\n\t\t<div class=\"elementor-element elementor-element-5c07d04e e-flex e-con-boxed e-con e-parent\" data-id=\"5c07d04e\" data-element_type=\"container\">\n\t\t\t\t\t<div class=\"e-con-inner\">\n\t\t<div class=\"elementor-element elementor-element-26ac277 e-grid e-con-full e-con e-child\" data-id=\"26ac277\" data-element_type=\"container\">\n\t\t<div class=\"elementor-element elementor-element-705f0db e-con-full e-flex e-con e-child\" data-id=\"705f0db\" data-element_type=\"container\">\n\t\t\t\t<div class=\"elementor-element elementor-element-86648ce elementor-widget elementor-widget-image\" data-id=\"86648ce\" data-element_type=\"widget\" data-widget_type=\"image.default\">\n\t\t\t\t<div class=\"elementor-widget-container\">\n\t\t\t\t\t\t\t\t\t\t\t\t\t\t\t<img fetchpriority=\"high\" decoding=\"async\" width=\"771\" height=\"1024\" src=\"https:\/\/eurometali.hr\/wp-content\/uploads\/2024\/11\/2.1-771x1024.jpg\" class=\"attachment-large size-large wp-image-2682\" alt=\"\" srcset=\"https:\/\/eurometali.hr\/wp-content\/uploads\/2024\/11\/2.1-771x1024.jpg 771w, https:\/\/eurometali.hr\/wp-content\/uploads\/2024\/11\/2.1-226x300.jpg 226w, https:\/\/eurometali.hr\/wp-content\/uploads\/2024\/11\/2.1-768x1020.jpg 768w, https:\/\/eurometali.hr\/wp-content\/uploads\/2024\/11\/2.1.jpg 813w\" sizes=\"(max-width: 771px) 100vw, 771px\" \/>\t\t\t\t\t\t\t\t\t\t\t\t\t\t\t<\/div>\n\t\t\t\t<\/div>\n\t\t\t\t<div class=\"elementor-element elementor-element-83a9cc2 elementor-widget elementor-widget-heading\" data-id=\"83a9cc2\" data-element_type=\"widget\" data-widget_type=\"heading.default\">\n\t\t\t\t<div class=\"elementor-widget-container\">\n\t\t\t\t\t<h4 class=\"elementor-heading-title elementor-size-default\">Warmgewalzte Bleche (\n (Fernseher mit Videol\u00e4nge)<\/h4>\t\t\t\t<\/div>\n\t\t\t\t<\/div>\n\t\t\t\t<div class=\"elementor-element elementor-element-c33db0a elementor-widget elementor-widget-text-editor\" data-id=\"c33db0a\" data-element_type=\"widget\" data-widget_type=\"text-editor.default\">\n\t\t\t\t<div class=\"elementor-widget-container\">\n\t\t\t\t\t\t\t\t\t<p>Warmgewalzte Bleche werden durch Walzen von vorgew\u00e4rmten Brammen bei hohen Temperaturen oder von Coils hergestellt. Die Dickenreduzierung erfolgt in mehreren Walzstichen, bis das gew\u00fcnschte Ma\u00df erreicht ist. Die Anwendungsgebiete von warmgewalzten Blechen sind sehr vielf\u00e4ltig. Sie sind f\u00fcr die Weiterverarbeitung durch Kaltverformung vorgesehen und finden unmittelbaren Einsatz in der Rohrindustrie, zur Herstellung von Profilen, Verpackungen etc.   <\/p><p>Sie werden in verschiedenen Segmenten der Industrie und des Bauwesens eingesetzt: im Maschinenbau, im Fahrzeugbau, im Baugewerbe, im Schiffsbau, in der Produktion von Industrieanlagen, in der Metallverarbeitung \u2026<\/p>\t\t\t\t\t\t\t\t<\/div>\n\t\t\t\t<\/div>\n\t\t\t\t<div class=\"elementor-element elementor-element-41b263e elementor-view-default elementor-widget elementor-widget-icon\" data-id=\"41b263e\" data-element_type=\"widget\" data-widget_type=\"icon.default\">\n\t\t\t\t<div class=\"elementor-widget-container\">\n\t\t\t\t\t\t\t<div class=\"elementor-icon-wrapper\">\n\t\t\t<a class=\"elementor-icon elementor-animation-grow\" href=\"https:\/\/eurometali.hr\/wp-content\/uploads\/2024\/11\/2.1.Toplovaljani-lim.pdf\" target=\"_blank\">\n\t\t\t<svg aria-hidden=\"true\" class=\"e-font-icon-svg e-fas-file-pdf\" viewBox=\"0 0 384 512\" xmlns=\"http:\/\/www.w3.org\/2000\/svg\"><path d=\"M181.9 256.1c-5-16-4.9-46.9-2-46.9 8.4 0 7.6 36.9 2 46.9zm-1.7 47.2c-7.7 20.2-17.3 43.3-28.4 62.7 18.3-7 39-17.2 62.9-21.9-12.7-9.6-24.9-23.4-34.5-40.8zM86.1 428.1c0 .8 13.2-5.4 34.9-40.2-6.7 6.3-29.1 24.5-34.9 40.2zM248 160h136v328c0 13.3-10.7 24-24 24H24c-13.3 0-24-10.7-24-24V24C0 10.7 10.7 0 24 0h200v136c0 13.2 10.8 24 24 24zm-8 171.8c-20-12.2-33.3-29-42.7-53.8 4.5-18.5 11.6-46.6 6.2-64.2-4.7-29.4-42.4-26.5-47.8-6.8-5 18.3-.4 44.1 8.1 77-11.6 27.6-28.7 64.6-40.8 85.8-.1 0-.1.1-.2.1-27.1 13.9-73.6 44.5-54.5 68 5.6 6.9 16 10 21.5 10 17.9 0 35.7-18 61.1-61.8 25.8-8.5 54.1-19.1 79-23.2 21.7 11.8 47.1 19.5 64 19.5 29.2 0 31.2-32 19.7-43.4-13.9-13.6-54.3-9.7-73.6-7.2zM377 105L279 7c-4.5-4.5-10.6-7-17-7h-6v128h128v-6.1c0-6.3-2.5-12.4-7-16.9zm-74.1 255.3c4.1-2.7-2.5-11.9-42.8-9 37.1 15.8 42.8 9 42.8 9z\"><\/path><\/svg>\t\t\t<\/a>\n\t\t<\/div>\n\t\t\t\t\t\t<\/div>\n\t\t\t\t<\/div>\n\t\t<div class=\"elementor-element elementor-element-8fd4cea e-con-full e-flex e-con e-child\" data-id=\"8fd4cea\" data-element_type=\"container\">\n\t\t\t\t<div class=\"elementor-element elementor-element-33f36f5 elementor-widget elementor-widget-image\" data-id=\"33f36f5\" data-element_type=\"widget\" data-widget_type=\"image.default\">\n\t\t\t\t<div class=\"elementor-widget-container\">\n\t\t\t\t\t\t\t\t\t\t\t\t\t\t\t<img decoding=\"async\" width=\"771\" height=\"1024\" src=\"https:\/\/eurometali.hr\/wp-content\/uploads\/2024\/11\/2.4-2-771x1024.jpg\" class=\"attachment-large size-large wp-image-2690\" alt=\"\" srcset=\"https:\/\/eurometali.hr\/wp-content\/uploads\/2024\/11\/2.4-2-771x1024.jpg 771w, https:\/\/eurometali.hr\/wp-content\/uploads\/2024\/11\/2.4-2-226x300.jpg 226w, https:\/\/eurometali.hr\/wp-content\/uploads\/2024\/11\/2.4-2-768x1020.jpg 768w, https:\/\/eurometali.hr\/wp-content\/uploads\/2024\/11\/2.4-2.jpg 813w\" sizes=\"(max-width: 771px) 100vw, 771px\" \/>\t\t\t\t\t\t\t\t\t\t\t\t\t\t\t<\/div>\n\t\t\t\t<\/div>\n\t\t\t\t<div class=\"elementor-element elementor-element-e90c6d7 elementor-widget elementor-widget-heading\" data-id=\"e90c6d7\" data-element_type=\"widget\" data-widget_type=\"heading.default\">\n\t\t\t\t<div class=\"elementor-widget-container\">\n\t\t\t\t\t<h4 class=\"elementor-heading-title elementor-size-default\">Warmgewalzte Rippenbleche<\/h4>\t\t\t\t<\/div>\n\t\t\t\t<\/div>\n\t\t\t\t<div class=\"elementor-element elementor-element-d35b044 elementor-widget elementor-widget-text-editor\" data-id=\"d35b044\" data-element_type=\"widget\" data-widget_type=\"text-editor.default\">\n\t\t\t\t<div class=\"elementor-widget-container\">\n\t\t\t\t\t\t\t\t\t<p>Warmgewalzte Rippenbleche werden aus allgemeinen Baust\u00e4hlen und kohlenstoffarmen St\u00e4hlen hergestellt. Gerippte Bleche unterscheiden sich von gew\u00f6hnlichen warmgewalzten Blechen dadurch, dass sie auf einer Oberfl\u00e4che durch Walzen geformte rauten- oder tropfenf\u00f6rmige Rippen aufweisen, w\u00e4hrend die andere Oberfl\u00e4che glatt ist. <\/p>\t\t\t\t\t\t\t\t<\/div>\n\t\t\t\t<\/div>\n\t\t\t\t<div class=\"elementor-element elementor-element-82ffdb4 elementor-view-default elementor-widget elementor-widget-icon\" data-id=\"82ffdb4\" data-element_type=\"widget\" data-widget_type=\"icon.default\">\n\t\t\t\t<div class=\"elementor-widget-container\">\n\t\t\t\t\t\t\t<div class=\"elementor-icon-wrapper\">\n\t\t\t<a class=\"elementor-icon elementor-animation-grow\" href=\"https:\/\/eurometali.hr\/wp-content\/uploads\/2024\/11\/2.4.Toplovaljani-rebrasti-lim.pdf\" target=\"_blank\">\n\t\t\t<svg aria-hidden=\"true\" class=\"e-font-icon-svg e-fas-file-pdf\" viewBox=\"0 0 384 512\" xmlns=\"http:\/\/www.w3.org\/2000\/svg\"><path d=\"M181.9 256.1c-5-16-4.9-46.9-2-46.9 8.4 0 7.6 36.9 2 46.9zm-1.7 47.2c-7.7 20.2-17.3 43.3-28.4 62.7 18.3-7 39-17.2 62.9-21.9-12.7-9.6-24.9-23.4-34.5-40.8zM86.1 428.1c0 .8 13.2-5.4 34.9-40.2-6.7 6.3-29.1 24.5-34.9 40.2zM248 160h136v328c0 13.3-10.7 24-24 24H24c-13.3 0-24-10.7-24-24V24C0 10.7 10.7 0 24 0h200v136c0 13.2 10.8 24 24 24zm-8 171.8c-20-12.2-33.3-29-42.7-53.8 4.5-18.5 11.6-46.6 6.2-64.2-4.7-29.4-42.4-26.5-47.8-6.8-5 18.3-.4 44.1 8.1 77-11.6 27.6-28.7 64.6-40.8 85.8-.1 0-.1.1-.2.1-27.1 13.9-73.6 44.5-54.5 68 5.6 6.9 16 10 21.5 10 17.9 0 35.7-18 61.1-61.8 25.8-8.5 54.1-19.1 79-23.2 21.7 11.8 47.1 19.5 64 19.5 29.2 0 31.2-32 19.7-43.4-13.9-13.6-54.3-9.7-73.6-7.2zM377 105L279 7c-4.5-4.5-10.6-7-17-7h-6v128h128v-6.1c0-6.3-2.5-12.4-7-16.9zm-74.1 255.3c4.1-2.7-2.5-11.9-42.8-9 37.1 15.8 42.8 9 42.8 9z\"><\/path><\/svg>\t\t\t<\/a>\n\t\t<\/div>\n\t\t\t\t\t\t<\/div>\n\t\t\t\t<\/div>\n\t\t\t\t<\/div>\n\t\t<div class=\"elementor-element elementor-element-26eecd9 e-con-full e-flex e-con e-child\" data-id=\"26eecd9\" data-element_type=\"container\">\n\t\t\t\t<div class=\"elementor-element elementor-element-3bff2f7 elementor-widget elementor-widget-image\" data-id=\"3bff2f7\" data-element_type=\"widget\" data-widget_type=\"image.default\">\n\t\t\t\t<div class=\"elementor-widget-container\">\n\t\t\t\t\t\t\t\t\t\t\t\t\t\t\t<img decoding=\"async\" width=\"771\" height=\"1024\" src=\"https:\/\/eurometali.hr\/wp-content\/uploads\/2024\/11\/2.3-771x1024.jpg\" class=\"attachment-large size-large wp-image-2688\" alt=\"\" srcset=\"https:\/\/eurometali.hr\/wp-content\/uploads\/2024\/11\/2.3-771x1024.jpg 771w, https:\/\/eurometali.hr\/wp-content\/uploads\/2024\/11\/2.3-226x300.jpg 226w, https:\/\/eurometali.hr\/wp-content\/uploads\/2024\/11\/2.3-768x1020.jpg 768w, https:\/\/eurometali.hr\/wp-content\/uploads\/2024\/11\/2.3.jpg 813w\" sizes=\"(max-width: 771px) 100vw, 771px\" \/>\t\t\t\t\t\t\t\t\t\t\t\t\t\t\t<\/div>\n\t\t\t\t<\/div>\n\t\t\t\t<div class=\"elementor-element elementor-element-bd25475 elementor-widget elementor-widget-heading\" data-id=\"bd25475\" data-element_type=\"widget\" data-widget_type=\"heading.default\">\n\t\t\t\t<div class=\"elementor-widget-container\">\n\t\t\t\t\t<h4 class=\"elementor-heading-title elementor-size-default\">Verzinktes Blech<\/h4>\t\t\t\t<\/div>\n\t\t\t\t<\/div>\n\t\t\t\t<div class=\"elementor-element elementor-element-af712b5 elementor-widget elementor-widget-text-editor\" data-id=\"af712b5\" data-element_type=\"widget\" data-widget_type=\"text-editor.default\">\n\t\t\t\t<div class=\"elementor-widget-container\">\n\t\t\t\t\t\t\t\t\t<p>Verzinkte B\u00e4nder und Bleche werden aus zuvor gewonnenen kaltgewalzten B\u00e4ndern gewonnen, die anschlie\u00dfend im galvanischen Verfahren feuerverzinkt werden. Aufgrund ihrer hohen Korrosionsbest\u00e4ndigkeit werden sie h\u00e4ufig in unterschiedlichen Industriebereichen eingesetzt. Sie werden im Bauwesen zur Herstellung von Dach- und Fassadenelementen, Wand- und Dachpaneelen, in der Klimatechnik f\u00fcr L\u00fcftungskan\u00e4le und Klimaanlagen, in der Automobilindustrie, Landmaschinenindustrie, zur Herstellung von Silos, diversen Teilen von Wei\u00dfer Ware usw. verwendet.  <\/p>\t\t\t\t\t\t\t\t<\/div>\n\t\t\t\t<\/div>\n\t\t\t\t<div class=\"elementor-element elementor-element-6453ae9 elementor-view-default elementor-widget elementor-widget-icon\" data-id=\"6453ae9\" data-element_type=\"widget\" data-widget_type=\"icon.default\">\n\t\t\t\t<div class=\"elementor-widget-container\">\n\t\t\t\t\t\t\t<div class=\"elementor-icon-wrapper\">\n\t\t\t<a class=\"elementor-icon elementor-animation-grow\" href=\"https:\/\/eurometali.hr\/wp-content\/uploads\/2024\/11\/2.3.Pocincani-lim.pdf\" target=\"_blank\">\n\t\t\t<svg aria-hidden=\"true\" class=\"e-font-icon-svg e-fas-file-pdf\" viewBox=\"0 0 384 512\" xmlns=\"http:\/\/www.w3.org\/2000\/svg\"><path d=\"M181.9 256.1c-5-16-4.9-46.9-2-46.9 8.4 0 7.6 36.9 2 46.9zm-1.7 47.2c-7.7 20.2-17.3 43.3-28.4 62.7 18.3-7 39-17.2 62.9-21.9-12.7-9.6-24.9-23.4-34.5-40.8zM86.1 428.1c0 .8 13.2-5.4 34.9-40.2-6.7 6.3-29.1 24.5-34.9 40.2zM248 160h136v328c0 13.3-10.7 24-24 24H24c-13.3 0-24-10.7-24-24V24C0 10.7 10.7 0 24 0h200v136c0 13.2 10.8 24 24 24zm-8 171.8c-20-12.2-33.3-29-42.7-53.8 4.5-18.5 11.6-46.6 6.2-64.2-4.7-29.4-42.4-26.5-47.8-6.8-5 18.3-.4 44.1 8.1 77-11.6 27.6-28.7 64.6-40.8 85.8-.1 0-.1.1-.2.1-27.1 13.9-73.6 44.5-54.5 68 5.6 6.9 16 10 21.5 10 17.9 0 35.7-18 61.1-61.8 25.8-8.5 54.1-19.1 79-23.2 21.7 11.8 47.1 19.5 64 19.5 29.2 0 31.2-32 19.7-43.4-13.9-13.6-54.3-9.7-73.6-7.2zM377 105L279 7c-4.5-4.5-10.6-7-17-7h-6v128h128v-6.1c0-6.3-2.5-12.4-7-16.9zm-74.1 255.3c4.1-2.7-2.5-11.9-42.8-9 37.1 15.8 42.8 9 42.8 9z\"><\/path><\/svg>\t\t\t<\/a>\n\t\t<\/div>\n\t\t\t\t\t\t<\/div>\n\t\t\t\t<\/div>\n\t\t\t\t<\/div>\n\t\t\t\t<\/div>\n\t\t<div class=\"elementor-element elementor-element-c209a67 e-con-full e-flex e-con e-child\" data-id=\"c209a67\" data-element_type=\"container\">\n\t\t\t\t<div class=\"elementor-element elementor-element-d0e0732 elementor-widget elementor-widget-image\" data-id=\"d0e0732\" data-element_type=\"widget\" data-widget_type=\"image.default\">\n\t\t\t\t<div class=\"elementor-widget-container\">\n\t\t\t\t\t\t\t\t\t\t\t\t\t\t\t<img loading=\"lazy\" decoding=\"async\" width=\"771\" height=\"1024\" src=\"https:\/\/eurometali.hr\/wp-content\/uploads\/2024\/11\/2.2-771x1024.jpg\" class=\"attachment-large size-large wp-image-2686\" alt=\"\" srcset=\"https:\/\/eurometali.hr\/wp-content\/uploads\/2024\/11\/2.2-771x1024.jpg 771w, https:\/\/eurometali.hr\/wp-content\/uploads\/2024\/11\/2.2-226x300.jpg 226w, https:\/\/eurometali.hr\/wp-content\/uploads\/2024\/11\/2.2-768x1020.jpg 768w, https:\/\/eurometali.hr\/wp-content\/uploads\/2024\/11\/2.2.jpg 813w\" sizes=\"(max-width: 771px) 100vw, 771px\" \/>\t\t\t\t\t\t\t\t\t\t\t\t\t\t\t<\/div>\n\t\t\t\t<\/div>\n\t\t\t\t<div class=\"elementor-element elementor-element-1616a58 elementor-widget elementor-widget-heading\" data-id=\"1616a58\" data-element_type=\"widget\" data-widget_type=\"heading.default\">\n\t\t\t\t<div class=\"elementor-widget-container\">\n\t\t\t\t\t<h4 class=\"elementor-heading-title elementor-size-default\">Kaltgewalztes Blech (HVL)<\/h4>\t\t\t\t<\/div>\n\t\t\t\t<\/div>\n\t\t\t\t<div class=\"elementor-element elementor-element-1c73b1e elementor-widget elementor-widget-text-editor\" data-id=\"1c73b1e\" data-element_type=\"widget\" data-widget_type=\"text-editor.default\">\n\t\t\t\t<div class=\"elementor-widget-container\">\n\t\t\t\t\t\t\t\t\t<p>Kaltgewalzte Bleche werden im Kaltwalzverfahren aus Brammen gewonnen, die durch vorheriges Warmwalzen eine Dickenreduzierung der Brammen auf geringere Dicken erfahren, die sich zum Kaltwalzen zur Erzeugung kaltgewalzter Bleche eignen. Eine weitere M\u00f6glichkeit zur Gewinnung von HVL besteht in der Verwendung von kaltgewalzten B\u00e4ndern (Coils), die im Kaltwalzverfahren hergestellt werden. <\/p><p>Sie eignen sich zum Schwei\u00dfen und Beschichten (Streichen, Lackieren, Plastifizieren). Sie werden in der Automobilindustrie, zur Herstellung wei\u00dfer Ware, in der Metallindustrie, zur Herstellung von Verpackungen usw. verwendet. <\/p>\t\t\t\t\t\t\t\t<\/div>\n\t\t\t\t<\/div>\n\t\t\t\t<div class=\"elementor-element elementor-element-8538ee5 elementor-view-default elementor-widget elementor-widget-icon\" data-id=\"8538ee5\" data-element_type=\"widget\" data-widget_type=\"icon.default\">\n\t\t\t\t<div class=\"elementor-widget-container\">\n\t\t\t\t\t\t\t<div class=\"elementor-icon-wrapper\">\n\t\t\t<a class=\"elementor-icon elementor-animation-grow\" href=\"https:\/\/eurometali.hr\/wp-content\/uploads\/2024\/11\/2.2.Hladnovaljani-lim.pdf\" target=\"_blank\">\n\t\t\t<svg aria-hidden=\"true\" class=\"e-font-icon-svg e-fas-file-pdf\" viewBox=\"0 0 384 512\" xmlns=\"http:\/\/www.w3.org\/2000\/svg\"><path d=\"M181.9 256.1c-5-16-4.9-46.9-2-46.9 8.4 0 7.6 36.9 2 46.9zm-1.7 47.2c-7.7 20.2-17.3 43.3-28.4 62.7 18.3-7 39-17.2 62.9-21.9-12.7-9.6-24.9-23.4-34.5-40.8zM86.1 428.1c0 .8 13.2-5.4 34.9-40.2-6.7 6.3-29.1 24.5-34.9 40.2zM248 160h136v328c0 13.3-10.7 24-24 24H24c-13.3 0-24-10.7-24-24V24C0 10.7 10.7 0 24 0h200v136c0 13.2 10.8 24 24 24zm-8 171.8c-20-12.2-33.3-29-42.7-53.8 4.5-18.5 11.6-46.6 6.2-64.2-4.7-29.4-42.4-26.5-47.8-6.8-5 18.3-.4 44.1 8.1 77-11.6 27.6-28.7 64.6-40.8 85.8-.1 0-.1.1-.2.1-27.1 13.9-73.6 44.5-54.5 68 5.6 6.9 16 10 21.5 10 17.9 0 35.7-18 61.1-61.8 25.8-8.5 54.1-19.1 79-23.2 21.7 11.8 47.1 19.5 64 19.5 29.2 0 31.2-32 19.7-43.4-13.9-13.6-54.3-9.7-73.6-7.2zM377 105L279 7c-4.5-4.5-10.6-7-17-7h-6v128h128v-6.1c0-6.3-2.5-12.4-7-16.9zm-74.1 255.3c4.1-2.7-2.5-11.9-42.8-9 37.1 15.8 42.8 9 42.8 9z\"><\/path><\/svg>\t\t\t<\/a>\n\t\t<\/div>\n\t\t\t\t\t\t<\/div>\n\t\t\t\t<\/div>\n\t\t<div class=\"elementor-element elementor-element-7003222 e-con-full e-flex e-con e-child\" data-id=\"7003222\" data-element_type=\"container\">\n\t\t\t\t<div class=\"elementor-element elementor-element-bf74e38 elementor-widget elementor-widget-image\" data-id=\"bf74e38\" data-element_type=\"widget\" data-widget_type=\"image.default\">\n\t\t\t\t<div class=\"elementor-widget-container\">\n\t\t\t\t\t\t\t\t\t\t\t\t\t\t\t<img loading=\"lazy\" decoding=\"async\" width=\"771\" height=\"1024\" src=\"https:\/\/eurometali.hr\/wp-content\/uploads\/2024\/11\/2.5-771x1024.jpg\" class=\"attachment-large size-large wp-image-2692\" alt=\"\" srcset=\"https:\/\/eurometali.hr\/wp-content\/uploads\/2024\/11\/2.5-771x1024.jpg 771w, https:\/\/eurometali.hr\/wp-content\/uploads\/2024\/11\/2.5-226x300.jpg 226w, https:\/\/eurometali.hr\/wp-content\/uploads\/2024\/11\/2.5-768x1020.jpg 768w, https:\/\/eurometali.hr\/wp-content\/uploads\/2024\/11\/2.5.jpg 813w\" sizes=\"(max-width: 771px) 100vw, 771px\" \/>\t\t\t\t\t\t\t\t\t\t\t\t\t\t\t<\/div>\n\t\t\t\t<\/div>\n\t\t\t\t<div class=\"elementor-element elementor-element-7897584 elementor-widget elementor-widget-heading\" data-id=\"7897584\" data-element_type=\"widget\" data-widget_type=\"heading.default\">\n\t\t\t\t<div class=\"elementor-widget-container\">\n\t\t\t\t\t<h4 class=\"elementor-heading-title elementor-size-default\">Verschlei\u00dffeste Platten<\/h4>\t\t\t\t<\/div>\n\t\t\t\t<\/div>\n\t\t\t\t<div class=\"elementor-element elementor-element-f1d7172 elementor-widget elementor-widget-text-editor\" data-id=\"f1d7172\" data-element_type=\"widget\" data-widget_type=\"text-editor.default\">\n\t\t\t\t<div class=\"elementor-widget-container\">\n\t\t\t\t\t\t\t\t\t<p>Verschlei\u00dffeste Stahlbleche sind Bleche mit hoher Festigkeit und guten Schneid-, Biege- und Schwei\u00dfeigenschaften. Verschlei\u00dffeste Stahlbleche werden h\u00e4ufig in Bergbau-, Bau- und Landmaschinen unter extrem harten Arbeitsbedingungen eingesetzt, die hohe Festigkeit und Verschlei\u00dffestigkeit erfordern, wie z. B. Bulldozer, Lader, Bagger, Muldenkipper, verschiedene Bergbaumaschinen usw. <\/p>\t\t\t\t\t\t\t\t<\/div>\n\t\t\t\t<\/div>\n\t\t\t\t<\/div>\n\t\t\t\t<\/div>\n\t\t\t\t<\/div>\n\t\t\t\t\t<\/div>\n\t\t\t\t<\/div>\n\t\t\t\t<\/div>\n\t\t","protected":false},"excerpt":{"rendered":"<p>LimovI Produkte \/ Platten Warmgewalzte Bleche ( (Fernseher mit Videol\u00e4nge) Warmgewalzte Bleche werden durch Walzen von vorgew\u00e4rmten Brammen bei hohen Temperaturen oder von Coils hergestellt. Die Dickenreduzierung erfolgt in mehreren Walzstichen, bis das gew\u00fcnschte Ma\u00df erreicht ist. Die Anwendungsgebiete von warmgewalzten Blechen sind sehr vielf\u00e4ltig. Sie sind f\u00fcr die Weiterverarbeitung durch Kaltverformung vorgesehen und finden [&hellip;]<\/p>\n","protected":false},"author":1,"featured_media":0,"parent":0,"menu_order":0,"comment_status":"closed","ping_status":"closed","template":"elementor_header_footer","meta":{"footnotes":""},"class_list":["post-3485","page","type-page","status-publish","hentry"],"_links":{"self":[{"href":"https:\/\/eurometali.hr\/de\/wp-json\/wp\/v2\/pages\/3485","targetHints":{"allow":["GET"]}}],"collection":[{"href":"https:\/\/eurometali.hr\/de\/wp-json\/wp\/v2\/pages"}],"about":[{"href":"https:\/\/eurometali.hr\/de\/wp-json\/wp\/v2\/types\/page"}],"author":[{"embeddable":true,"href":"https:\/\/eurometali.hr\/de\/wp-json\/wp\/v2\/users\/1"}],"replies":[{"embeddable":true,"href":"https:\/\/eurometali.hr\/de\/wp-json\/wp\/v2\/comments?post=3485"}],"version-history":[{"count":1,"href":"https:\/\/eurometali.hr\/de\/wp-json\/wp\/v2\/pages\/3485\/revisions"}],"predecessor-version":[{"id":3487,"href":"https:\/\/eurometali.hr\/de\/wp-json\/wp\/v2\/pages\/3485\/revisions\/3487"}],"wp:attachment":[{"href":"https:\/\/eurometali.hr\/de\/wp-json\/wp\/v2\/media?parent=3485"}],"curies":[{"name":"wp","href":"https:\/\/api.w.org\/{rel}","templated":true}]}}